{"id":78,"date":"2016-02-16T09:12:09","date_gmt":"2016-02-16T09:12:09","guid":{"rendered":"http:\/\/dancetherapy.cz\/?page_id=78"},"modified":"2016-05-21T15:29:31","modified_gmt":"2016-05-21T15:29:31","slug":"homepage","status":"publish","type":"page","link":"https:\/\/dancetherapy.cz\/cs\/","title":{"rendered":"\u00davod"},"content":{"rendered":"[mk_page_section bg_image=&#8220;http:\/\/dancetherapy.cz\/wp-content\/uploads\/2016\/02\/hp_1_big.jpg&#8220; bg_position=&#8220;center bottom&#8220; bg_repeat=&#8220;no-repeat&#8220; enable_3d=&#8220;true&#8220; video_loop=&#8220;false&#8220; min_height=&#8220;505&#8243; full_width=&#8220;true&#8220; js_vertical_centered=&#8220;true&#8220; padding_top=&#8220;0&#8243; padding_bottom=&#8220;90&#8243; top_shape_color=&#8220;#ffffff&#8220; bottom_shape_color=&#8220;#ffffff&#8220; sidebar=&#8220;sidebar-1&#8243;][vc_column][mk_fancy_title tag_name=&#8220;h1&#8243; color=&#8220;#ffffff&#8220; size=&#8220;73&#8243; force_font_size=&#8220;true&#8220; size_smallscreen=&#8220;73&#8243; size_tablet=&#8220;63&#8243; size_phone=&#8220;48&#8243; margin_bottom=&#8220;0&#8243; font_family=&#8220;none&#8220; align=&#8220;center&#8220;]Andrea Nundy-Mal\u00e1[\/mk_fancy_title][mk_fancy_title color=&#8220;#ffffff&#8220; size=&#8220;30&#8243; font_weight=&#8220;300&#8243; margin_bottom=&#8220;0&#8243; font_family=&#8220;none&#8220; align=&#8220;center&#8220; el_class=&#8220;fancy-light&#8220;][\/mk_fancy_title][\/vc_column][\/mk_page_section][mk_page_section bg_color=&#8220;#ffffff&#8220; min_height=&#8220;505&#8243; js_vertical_centered=&#8220;true&#8220; padding_top=&#8220;40&#8243; padding_bottom=&#8220;0&#8243; sidebar=&#8220;sidebar-1&#8243;][vc_column][mk_fancy_title color=&#8220;#4d4d4d&#8220; size=&#8220;73&#8243; force_font_size=&#8220;true&#8220; size_smallscreen=&#8220;73&#8243; size_tablet=&#8220;63&#8243; size_phone=&#8220;48&#8243; margin_top=&#8220;25&#8243; margin_bottom=&#8220;15&#8243; font_family=&#8220;none&#8220; align=&#8220;center&#8220;]O mn\u011b[\/mk_fancy_title][vc_column_text align=&#8220;center&#8220; margin_bottom=&#8220;20&#8243; el_class=&#8220;perex-text&#8220;]V\u011b\u0159\u00edm, \u017ee pohybem m\u016f\u017eete vyj\u00e1d\u0159it v\u011bci, kter\u00e9 byste nikdy nedok\u00e1zali napsat perem. Moudrost skryt\u00e1 v na\u0161em t\u011ble promlouv\u00e1 v\u017edy pravdiv\u011b, pokud si najdeme \u010das naslouchat.[\/vc_column_text][vc_separator color=&#8220;custom&#8220; accent_color=&#8220;#4d4d4d&#8220; el_class=&#8220;separator_small&#8220; css=&#8220;.vc_custom_1455888191173{margin-bottom: 30px !important;}&#8220;][vc_btn title=&#8220;Zjistit v\u00edc&#8220; style=&#8220;custom&#8220; custom_text=&#8220;#4d4d4d&#8220; shape=&#8220;square&#8220; size=&#8220;lg&#8220; align=&#8220;center&#8220; link=&#8220;url:http%3A%2F%2Fdancetherapy.cz%2Fcs%2Fo-mne%2F||&#8220; el_class=&#8220;hp_button&#8220;][\/vc_column][\/mk_page_section][mk_page_section bg_image=&#8220;http:\/\/dancetherapy.cz\/wp-content\/uploads\/2016\/02\/hp_2.jpg&#8220; bg_position=&#8220;center center&#8220; bg_repeat=&#8220;no-repeat&#8220; enable_3d=&#8220;true&#8220; video_loop=&#8220;false&#8220; min_height=&#8220;505&#8243; full_width=&#8220;true&#8220; js_vertical_centered=&#8220;true&#8220; padding_top=&#8220;90&#8243; top_shape_color=&#8220;#ffffff&#8220; bottom_shape_color=&#8220;#ffffff&#8220; sidebar=&#8220;sidebar-1&#8243;][vc_column][mk_fancy_title color=&#8220;#ffffff&#8220; size=&#8220;73&#8243; force_font_size=&#8220;true&#8220; size_smallscreen=&#8220;73&#8243; size_tablet=&#8220;63&#8243; size_phone=&#8220;48&#8243; line_height=&#8220;101&#8243; margin_bottom=&#8220;35&#8243; font_family=&#8220;none&#8220; align=&#8220;center&#8220;]Tane\u010dn\u00ed psychoterapie[\/mk_fancy_title][vc_separator color=&#8220;custom&#8220; accent_color=&#8220;#ffffff&#8220; el_class=&#8220;separator_small&#8220; css=&#8220;.vc_custom_1455888432121{margin-bottom: 30px !important;}&#8220;][vc_btn title=&#8220;Zjistit v\u00edc&#8220; style=&#8220;custom&#8220; custom_text=&#8220;#ffffff&#8220; shape=&#8220;square&#8220; size=&#8220;lg&#8220; align=&#8220;center&#8220; link=&#8220;url:http%3A%2F%2Fdancetherapy.cz%2Fcs%2Ftanecni-psychoterapie%2F||&#8220; el_class=&#8220;hp_button&#8220;][\/vc_column][\/mk_page_section][mk_page_section bg_color=&#8220;#ffffff&#8220; min_height=&#8220;505&#8243; js_vertical_centered=&#8220;true&#8220; padding_top=&#8220;40&#8243; padding_bottom=&#8220;0&#8243; sidebar=&#8220;sidebar-1&#8243;][vc_column][mk_fancy_title color=&#8220;#4d4d4d&#8220; size=&#8220;73&#8243; force_font_size=&#8220;true&#8220; size_smallscreen=&#8220;73&#8243; size_tablet=&#8220;63&#8243; size_phone=&#8220;48&#8243; margin_top=&#8220;25&#8243; margin_bottom=&#8220;15&#8243; font_family=&#8220;none&#8220; align=&#8220;center&#8220;]Moje filosofie[\/mk_fancy_title][mk_fancy_title tag_name=&#8220;h3&#8243; color=&#8220;#4d4d4d&#8220; size=&#8220;30&#8243; font_weight=&#8220;300&#8243; font_style=&#8220;italic&#8220; margin_bottom=&#8220;35&#8243; font_family=&#8220;none&#8220; align=&#8220;center&#8220; el_class=&#8220;fancy-light&#8220;]Starej se o sv\u00e9 t\u011blo, je to to jedin\u00e9 m\u00edsto, kter\u00e9 m\u00e1\u0161 k tomu, abys \u017eil.[\/mk_fancy_title][vc_separator color=&#8220;custom&#8220; accent_color=&#8220;#4d4d4d&#8220; el_class=&#8220;separator_small&#8220; css=&#8220;.vc_custom_1455888741831{margin-bottom: 30px !important;}&#8220;][vc_btn title=&#8220;Zjistit v\u00edc&#8220; style=&#8220;custom&#8220; custom_text=&#8220;#4d4d4d&#8220; shape=&#8220;square&#8220; size=&#8220;lg&#8220; align=&#8220;center&#8220; link=&#8220;url:http%3A%2F%2Fdancetherapy.cz%2Fcs%2Fmoje-filosofie%2F||&#8220; el_class=&#8220;hp_button&#8220;][\/vc_column][\/mk_page_section][mk_page_section bg_image=&#8220;http:\/\/dancetherapy.cz\/wp-content\/uploads\/2016\/02\/hp_3.jpg&#8220; bg_position=&#8220;center center&#8220; bg_repeat=&#8220;no-repeat&#8220; enable_3d=&#8220;true&#8220; video_loop=&#8220;false&#8220; min_height=&#8220;505&#8243; full_width=&#8220;true&#8220; js_vertical_centered=&#8220;true&#8220; padding_top=&#8220;40&#8243; top_shape_color=&#8220;#ffffff&#8220; bottom_shape_color=&#8220;#ffffff&#8220; sidebar=&#8220;sidebar-1&#8243;][vc_column][mk_fancy_title color=&#8220;#ffffff&#8220; size=&#8220;73&#8243; force_font_size=&#8220;true&#8220; size_smallscreen=&#8220;73&#8243; size_tablet=&#8220;63&#8243; size_phone=&#8220;48&#8243; margin_bottom=&#8220;25&#8243; font_family=&#8220;none&#8220; align=&#8220;center&#8220;]Co nab\u00edz\u00edm[\/mk_fancy_title][vc_separator color=&#8220;custom&#8220; accent_color=&#8220;#ffffff&#8220; el_class=&#8220;separator_small&#8220; css=&#8220;.vc_custom_1455888447381{margin-bottom: 30px !important;}&#8220;][vc_btn title=&#8220;Zjistit v\u00edc&#8220; style=&#8220;custom&#8220; custom_text=&#8220;#ffffff&#8220; shape=&#8220;square&#8220; size=&#8220;lg&#8220; align=&#8220;center&#8220; link=&#8220;url:http%3A%2F%2Fdancetherapy.cz%2Fcs%2Fnabizim%2F||&#8220; el_class=&#8220;hp_button&#8220;][\/vc_column][\/mk_page_section][mk_page_section min_height=&#8220;505&#8243; js_vertical_centered=&#8220;true&#8220; padding_top=&#8220;40&#8243; padding_bottom=&#8220;0&#8243; sidebar=&#8220;sidebar-1&#8243;][vc_column][mk_fancy_title color=&#8220;#4d4d4d&#8220; size=&#8220;73&#8243; force_font_size=&#8220;true&#8220; size_smallscreen=&#8220;73&#8243; size_tablet=&#8220;63&#8243; size_phone=&#8220;48&#8243; margin_bottom=&#8220;25&#8243; font_family=&#8220;none&#8220; align=&#8220;center&#8220;]Workshopy[\/mk_fancy_title][vc_separator color=&#8220;custom&#8220; accent_color=&#8220;#4d4d4d&#8220; el_class=&#8220;separator_small&#8220;][vc_btn title=&#8220;Zjistit v\u00edc&#8220; style=&#8220;custom&#8220; custom_text=&#8220;#4d4d4d&#8220; shape=&#8220;square&#8220; size=&#8220;lg&#8220; align=&#8220;center&#8220; link=&#8220;url:http%3A%2F%2Fdancetherapy.cz%2Fcs%2Fworkshopy%2F||&#8220; el_class=&#8220;hp_button&#8220;][\/vc_column][\/mk_page_section][mk_page_section bg_image=&#8220;http:\/\/dancetherapy.cz\/wp-content\/uploads\/2016\/03\/dawn-landscape-mountains-nature-.jpg&#8220; bg_position=&#8220;center bottom&#8220; bg_repeat=&#8220;no-repeat&#8220; enable_3d=&#8220;true&#8220; video_loop=&#8220;false&#8220; min_height=&#8220;505&#8243; full_width=&#8220;true&#8220; js_vertical_centered=&#8220;true&#8220; padding_top=&#8220;40&#8243; top_shape_color=&#8220;#ffffff&#8220; bottom_shape_color=&#8220;#ffffff&#8220; sidebar=&#8220;sidebar-1&#8243;][vc_column][mk_fancy_title color=&#8220;#ffffff&#8220; size=&#8220;73&#8243; force_font_size=&#8220;true&#8220; size_smallscreen=&#8220;73&#8243; size_tablet=&#8220;63&#8243; size_phone=&#8220;48&#8243; font_family=&#8220;none&#8220; align=&#8220;center&#8220;]V\u00fdcvik[\/mk_fancy_title][vc_separator color=&#8220;custom&#8220; accent_color=&#8220;#ffffff&#8220; el_class=&#8220;separator_small&#8220; css=&#8220;.vc_custom_1455888447381{margin-bottom: 30px !important;}&#8220;][vc_btn title=&#8220;Zjistit v\u00edc&#8220; style=&#8220;custom&#8220; custom_text=&#8220;#ffffff&#8220; shape=&#8220;square&#8220; size=&#8220;lg&#8220; align=&#8220;center&#8220; link=&#8220;url:http%3A%2F%2Fdancetherapy.cz%2Fcs%2Fvycvik%2F||&#8220; el_class=&#8220;hp_button&#8220;][\/vc_column][\/mk_page_section]\n","protected":false},"excerpt":{"rendered":"<p>[mk_page_section bg_image=&#8220;http:\/\/dancetherapy.cz\/wp-content\/uploads\/2016\/02\/hp_1_big.jpg&#8220; bg_position=&#8220;center bottom&#8220; bg_repeat=&#8220;no-repeat&#8220; enable_3d=&#8220;true&#8220; video_loop=&#8220;false&#8220; min_height=&#8220;505&#8243; full_width=&#8220;true&#8220; js_vertical_centered=&#8220;true&#8220; padding_top=&#8220;0&#8243; padding_bottom=&#8220;90&#8243; top_shape_color=&#8220;#ffffff&#8220; bottom_shape_color=&#8220;#ffffff&#8220; sidebar=&#8220;sidebar-1&#8243;][vc_column][mk_fancy_title tag_name=&#8220;h1&#8243; color=&#8220;#ffffff&#8220; size=&#8220;73&#8243; force_font_size=&#8220;true&#8220; size_smallscreen=&#8220;73&#8243; size_tablet=&#8220;63&#8243; size_phone=&#8220;48&#8243; margin_bottom=&#8220;0&#8243; font_family=&#8220;none&#8220; align=&#8220;center&#8220;]Andrea Nundy-Mal\u00e1[\/mk_fancy_title][mk_fancy_title color=&#8220;#ffffff&#8220; size=&#8220;30&#8243; font_weight=&#8220;300&#8243; margin_bottom=&#8220;0&#8243; [&hellip;]<\/p>\n","protected":false},"author":1,"featured_media":0,"parent":0,"menu_order":0,"comment_status":"closed","ping_status":"closed","template":"","meta":{"footnotes":""},"_links":{"self":[{"href":"https:\/\/dancetherapy.cz\/cs\/wp-json\/wp\/v2\/pages\/78"}],"collection":[{"href":"https:\/\/dancetherapy.cz\/cs\/wp-json\/wp\/v2\/pages"}],"about":[{"href":"https:\/\/dancetherapy.cz\/cs\/wp-json\/wp\/v2\/types\/page"}],"author":[{"embeddable":true,"href":"https:\/\/dancetherapy.cz\/cs\/wp-json\/wp\/v2\/users\/1"}],"replies":[{"embeddable":true,"href":"https:\/\/dancetherapy.cz\/cs\/wp-json\/wp\/v2\/comments?post=78"}],"version-history":[{"count":79,"href":"https:\/\/dancetherapy.cz\/cs\/wp-json\/wp\/v2\/pages\/78\/revisions"}],"predecessor-version":[{"id":277,"href":"https:\/\/dancetherapy.cz\/cs\/wp-json\/wp\/v2\/pages\/78\/revisions\/277"}],"wp:attachment":[{"href":"https:\/\/dancetherapy.cz\/cs\/wp-json\/wp\/v2\/media?parent=78"}],"curies":[{"name":"wp","href":"https:\/\/api.w.org\/{rel}","templated":true}]}}