{"id":37,"date":"2016-01-13T08:25:46","date_gmt":"2016-01-13T08:25:46","guid":{"rendered":"http:\/\/dancetherapy.cz\/?page_id=37"},"modified":"2016-04-28T08:17:41","modified_gmt":"2016-04-28T08:17:41","slug":"nabizim","status":"publish","type":"page","link":"https:\/\/dancetherapy.cz\/cs\/nabizim\/","title":{"rendered":"Nab\u00edz\u00edm"},"content":{"rendered":"[mk_page_section bg_image=&#8220;http:\/\/dancetherapy.cz\/wp-content\/uploads\/2016\/02\/hp_3.jpg&#8220; bg_position=&#8220;center top&#8220; bg_repeat=&#8220;no-repeat&#8220; enable_3d=&#8220;true&#8220; video_loop=&#8220;false&#8220; min_height=&#8220;505&#8243; full_width=&#8220;true&#8220; js_vertical_centered=&#8220;true&#8220; margin_bottom=&#8220;90&#8243; el_class=&#8220;page_intro&#8220; sidebar=&#8220;sidebar-1&#8243;][vc_column][vc_column_text align=&#8220;center&#8220;]\n<h1>Nab\u00edz\u00edm<\/h1>\n[\/vc_column_text][\/vc_column][\/mk_page_section][vc_row][vc_column][vc_column_text]<strong>Individu\u00e1ln\u00ed\u00a0terapeutick\u00e1 setk\u00e1n\u00ed <\/strong><\/p>\n<p>Jsou zam\u011b\u0159eny dle pot\u0159eb klienta a mohou b\u00fdt zam\u011b\u0159eny na: psychosomatick\u00e9 onemocn\u011bn\u00ed \/pot\u00ed\u017ee, vztahov\u00e9 a souvisej\u00edc\u00ed probl\u00e9my, probl\u00e9my se za\u010dlen\u011bn\u00edm se do okoln\u00edho prost\u0159ed\u00ed, \u017eivotn\u00edho stylu nebo spole\u010dnosti v jin\u00e9 zemi a seberozvoj.<\/p>\n<p>Terapie\u00a0jsou vedeny v anglick\u00e9m jazyce.<\/p>\n<p>Provozuji soukromou praxi a nejsem sou\u010d\u00e1st\u00ed ve\u0159ejn\u00e9ho zdravotn\u00edho poji\u0161t\u011bn\u00ed. Pro z\u00edsk\u00e1n\u00ed dal\u0161\u00edch informac\u00ed o individu\u00e1ln\u00edch seanc\u00edch mne pros\u00edm kontaktujte prost\u0159ednictv\u00edm e-mailu: maladmp@gmail.com<\/p>\n<p><strong>Skupinov\u00e9 terapie<\/strong><\/p>\n<p>Kr\u00e1tkodob\u00e1 skupinov\u00e1 terapie; 12 t\u00fddn\u016f<\/p>\n<p>Dlouhodob\u00e1 skupinov\u00e1 terapie; pr\u016fb\u011b\u017en\u00e1<\/p>\n<p>Kr\u00e1tkodob\u00e1 skupinov\u00e1 tematicky zam\u011b\u0159en\u00e1 terapie; 8 t\u00fddn\u016f (zab\u00fdvaj\u00edc\u00ed se specifick\u00fdm t\u00e9matem \u2013 nap\u0159. vyj\u00e1d\u0159en\u00ed roz\u010d\u00edlen\u00ed prost\u0159ednictv\u00edm pohybu).<\/p>\n<p><strong>P\u0159edn\u00e1\u0161ky a workshopy\u00a0<\/strong><\/p>\n<p>Je mo\u017en\u00e9 se dohodnout na p\u0159edn\u00e1\u0161k\u00e1ch a workshopech zam\u011b\u0159en\u00fdch na tane\u010dn\u011b pohybovou psychoterapii a \u00falohu t\u011bla v psychoterapii. T\u00e9mata mohou b\u00fdt p\u0159izp\u016fsobena Va\u0161im pot\u0159eb\u00e1m; Specializac\u00ed je: \u201cteorie emo\u010dn\u00ed vazby (attachement) a tane\u010dn\u011b pohybov\u00e1 psychoterapie\u201d; \u201cvztahov\u00e1 teorie a tane\u010dn\u011b pohybov\u00e1 psychoterapie\u201d; Soci\u00e1ln\u00ed a kulturn\u00ed rozd\u00edly ve vn\u00edm\u00e1n\u00ed t\u011bla;<\/p>\n<p>Pro v\u00edce informac\u00ed m\u011b pros\u00edm kontaktujte na: maladmp@gmail.com[\/vc_column_text][\/vc_column][\/vc_row]\n","protected":false},"excerpt":{"rendered":"<p>[mk_page_section bg_image=&#8220;http:\/\/dancetherapy.cz\/wp-content\/uploads\/2016\/02\/hp_3.jpg&#8220; bg_position=&#8220;center top&#8220; bg_repeat=&#8220;no-repeat&#8220; enable_3d=&#8220;true&#8220; video_loop=&#8220;false&#8220; min_height=&#8220;505&#8243; full_width=&#8220;true&#8220; js_vertical_centered=&#8220;true&#8220; margin_bottom=&#8220;90&#8243; el_class=&#8220;page_intro&#8220; sidebar=&#8220;sidebar-1&#8243;][vc_column][vc_column_text align=&#8220;center&#8220;] Nab\u00edz\u00edm [\/vc_column_text][\/vc_column][\/mk_page_section][vc_row][vc_column][vc_column_text]Individu\u00e1ln\u00ed\u00a0terapeutick\u00e1 setk\u00e1n\u00ed Jsou zam\u011b\u0159eny dle pot\u0159eb klienta a mohou b\u00fdt zam\u011b\u0159eny na: psychosomatick\u00e9 onemocn\u011bn\u00ed \/pot\u00ed\u017ee, [&hellip;]<\/p>\n","protected":false},"author":1,"featured_media":0,"parent":0,"menu_order":0,"comment_status":"closed","ping_status":"closed","template":"","meta":{"footnotes":""},"_links":{"self":[{"href":"https:\/\/dancetherapy.cz\/cs\/wp-json\/wp\/v2\/pages\/37"}],"collection":[{"href":"https:\/\/dancetherapy.cz\/cs\/wp-json\/wp\/v2\/pages"}],"about":[{"href":"https:\/\/dancetherapy.cz\/cs\/wp-json\/wp\/v2\/types\/page"}],"author":[{"embeddable":true,"href":"https:\/\/dancetherapy.cz\/cs\/wp-json\/wp\/v2\/users\/1"}],"replies":[{"embeddable":true,"href":"https:\/\/dancetherapy.cz\/cs\/wp-json\/wp\/v2\/comments?post=37"}],"version-history":[{"count":15,"href":"https:\/\/dancetherapy.cz\/cs\/wp-json\/wp\/v2\/pages\/37\/revisions"}],"predecessor-version":[{"id":152,"href":"https:\/\/dancetherapy.cz\/cs\/wp-json\/wp\/v2\/pages\/37\/revisions\/152"}],"wp:attachment":[{"href":"https:\/\/dancetherapy.cz\/cs\/wp-json\/wp\/v2\/media?parent=37"}],"curies":[{"name":"wp","href":"https:\/\/api.w.org\/{rel}","templated":true}]}}