{"id":35,"date":"2016-01-13T08:25:29","date_gmt":"2016-01-13T08:25:29","guid":{"rendered":"http:\/\/dancetherapy.cz\/?page_id=35"},"modified":"2018-01-22T11:24:42","modified_gmt":"2018-01-22T11:24:42","slug":"vycvik","status":"publish","type":"page","link":"https:\/\/dancetherapy.cz\/cs\/vycvik\/","title":{"rendered":"V\u00fdcvik"},"content":{"rendered":"[mk_page_section bg_image=&#8220;http:\/\/dancetherapy.cz\/wp-content\/uploads\/2016\/03\/dawn-landscape-mountains-nature-.jpg&#8220; bg_position=&#8220;center bottom&#8220; bg_repeat=&#8220;no-repeat&#8220; enable_3d=&#8220;true&#8220; video_loop=&#8220;false&#8220; min_height=&#8220;505&#8243; full_width=&#8220;true&#8220; js_vertical_centered=&#8220;true&#8220; margin_bottom=&#8220;90&#8243; el_class=&#8220;page_intro&#8220; sidebar=&#8220;sidebar-1&#8243;][vc_column][vc_column_text align=&#8220;center&#8220;]\n<h1>V\u00fdcvik<\/h1>\n[\/vc_column_text][\/vc_column][\/mk_page_section][vc_row][vc_column][vc_column_text]<strong>Vedouc\u00ed lekto\u0159i<\/strong><\/p>\n<p><strong>Andrea Nundy-Mala B.A (Hons) M.A RDMP<\/strong><br \/>\n<strong>Ing Jana Spinarova Dusbabkova M.A BC-DMT<\/strong><\/p>\n<p>S kolegyn\u00ed vedeme 4 let\u00fd mezin\u00e1rodn\u00ed tane\u010dn\u011b pohybov\u00fd terapeutick\u00fd tr\u00e9ninkov\u00fd program, kter\u00fd je p\u0159ipraven v souladu s pravidly ADTA, ADMP a EADMT.<\/p>\n<p>N\u00e1\u0161 tr\u00e9ninkov\u00fd program prob\u00edh\u00e1 moment\u00e1ln\u011b v Praze a je veden jak v \u010desk\u00e9m, tak v anglick\u00e9m jazyce.\u00a0 Tr\u00e9ninkov\u00fd program nen\u00ed z\u00e1visl\u00fd na konkr\u00e9tn\u00edm m\u00edst\u011b, m\u016f\u017ee prob\u00edhat i v jin\u00fdch evropsk\u00fdch zem\u00edch, jeliko\u017e ob\u011b hlavn\u00ed lektorky maj\u00ed rozs\u00e1hl\u00e9 zku\u0161enosti jako tane\u010dn\u00e9 pohybov\u00e9 psychoterapeutky a lektorky vzd\u011bl\u00e1v\u00e1n\u00ed tane\u010dn\u011b pohybov\u00e9 psychoterapie.<\/p>\n<p>M\u00e1me k dispozici vynikaj\u00edc\u00ed mezin\u00e1rodn\u00ed t\u00fdm lektor\u016f z Velk\u00e9 Brit\u00e1nie, USA, \u010cesk\u00e9 republiky a N\u011bmecka, kte\u0159\u00ed jsou experty ve sv\u00e9 oblasti.<\/p>\n<p>Program je kombinac\u00ed teorie, vlastn\u00edch pro\u017eitk\u016f, odborn\u00e9ho dohledu a st\u00e1\u017e\u00ed, kter\u00e9 umo\u017e\u0148uj\u00ed student\u016fm m\u00edt solidn\u00ed teoretick\u00fd z\u00e1klad, uv\u011bdom\u011bn\u00ed si sebe sama a sebed\u016fv\u011bru k tomu, aby za\u010dali s prax\u00ed pot\u00e9, co program dokon\u010d\u00ed.<\/p>\n<p>Na\u0161\u00edm posl\u00e1n\u00edm je rozv\u00edjet tane\u010dn\u011b pohybovou psychoterapii prost\u0159ednictv\u00edm nab\u00eddky vysoce kvalitn\u00edch akreditovan\u00fdch tr\u00e9ninkov\u00fdch program\u016f. Programy jsou zam\u011b\u0159eny na rozvoj teoretick\u00e9ho a praktick\u00e9ho porozum\u011bn\u00ed v oblasti somatick\u00e9ho vn\u00edm\u00e1n\u00ed, preferovan\u00fdch pohybov\u00fdch projev\u016f a vztahov\u00fdch vzorc\u016f. Studenti jsou seznamov\u00e1n\u00ed s teori\u00ed a u\u010den\u00ed se prost\u0159ednictv\u00edm sv\u00fdch pro\u017eitk\u016f tak, aby byli schopni sebeuv\u011bdom\u011bn\u00ed, citlivosti v\u016f\u010di kulturn\u00edm rozd\u00edl\u016fm, vn\u00edmavosti k rozd\u00edl\u016fm a schopn\u00ed se vyj\u00e1d\u0159it nekritick\u00fdm jazykem. Studenti budou m\u00edt mo\u017enost se vyjad\u0159ovat, pozn\u00e1vat a reflektovat p\u0159\u00edmo prost\u0159ednictv\u00edm tane\u010dn\u011b pohybov\u00e9ho procesu. Hlavn\u00edm benefitem je, \u017ee teoretick\u00e9 souvislosti p\u0159\u00edmo vypl\u00fdvaj\u00ed z pro\u017eitk\u016f student\u016f a pro\u017eitky z workshop\u016f jsou tak pou\u017e\u00edv\u00e1ny ke vzd\u011bl\u00e1v\u00e1n\u00ed a k rozvoji v\u00edce ne\u017e k terapii. Na\u0161\u00edm z\u00e1m\u011brem je vychovat pohybov\u011b tane\u010dn\u00ed psychoterapeuty, se \u0161irok\u00fdmi znalostmi psychoterapie, kte\u0159\u00ed rozum\u00ed projev\u016fm sv\u00e9ho t\u011bla, projev\u016fm sv\u00fdch klient\u016f a sd\u00edlen\u00ed v psychoterapeutick\u00e9m vztahu.<\/p>\n<p><span class=\"short_text\" lang=\"cs\">Nov\u00fd v\u00fdcvik<\/span><\/p>\n<p>zah\u00e1jen\u00ed p\u0159edpoklad <span id=\"result_box\" lang=\"cs\">zima 2018\/2019 s rozhovorem, kter\u00fd za\u010dne na podzim roku 2018<\/span><\/p>\n<p>V\u00edce informac\u00ed na <a href=\"http:\/\/www.expresivniterapie.org\/vycvik\">http:\/\/www.expresivniterapie.org\/vycvik<\/a><\/p>\n<p>FB: Dance Movement Therapy Training; <a href=\"https:\/\/www.facebook.com\/dancetherapytraining\/\">https:\/\/www.facebook.com\/dancetherapytraining\/<\/a><\/p>\n<p>FB Spolek expresivn\u00edch terapi\u00ed; <a href=\"https:\/\/www.facebook.com\/Spolek-expresivn\u00edch-terapi\u00ed-737370379761960\/\">https:\/\/www.facebook.com\/Spolek-expresivn\u00edch-terapi\u00ed-737370379761960\/<\/a><\/p>\n<p>Kontakt: expresivni.terapie@gmail.com<\/p>\n<p>V p\u0159\u00edpad\u011b z\u00e1jmu zas\u00edlejte motiva\u010dn\u00ed dopis a \u017eivotopis v\u00a0\u010cJ a AJ<\/p>\n<p><strong>Term\u00edn pro \u017eadatele do 15.7.2018<\/strong>[\/vc_column_text][\/vc_column][\/vc_row]\n","protected":false},"excerpt":{"rendered":"<p>[mk_page_section bg_image=&#8220;http:\/\/dancetherapy.cz\/wp-content\/uploads\/2016\/03\/dawn-landscape-mountains-nature-.jpg&#8220; bg_position=&#8220;center bottom&#8220; bg_repeat=&#8220;no-repeat&#8220; enable_3d=&#8220;true&#8220; video_loop=&#8220;false&#8220; min_height=&#8220;505&#8243; full_width=&#8220;true&#8220; js_vertical_centered=&#8220;true&#8220; margin_bottom=&#8220;90&#8243; el_class=&#8220;page_intro&#8220; sidebar=&#8220;sidebar-1&#8243;][vc_column][vc_column_text align=&#8220;center&#8220;] V\u00fdcvik [\/vc_column_text][\/vc_column][\/mk_page_section][vc_row][vc_column][vc_column_text]Vedouc\u00ed lekto\u0159i Andrea Nundy-Mala B.A (Hons) M.A RDMP Ing Jana Spinarova Dusbabkova M.A BC-DMT S [&hellip;]<\/p>\n","protected":false},"author":1,"featured_media":0,"parent":0,"menu_order":0,"comment_status":"closed","ping_status":"closed","template":"","meta":{"footnotes":""},"_links":{"self":[{"href":"https:\/\/dancetherapy.cz\/cs\/wp-json\/wp\/v2\/pages\/35"}],"collection":[{"href":"https:\/\/dancetherapy.cz\/cs\/wp-json\/wp\/v2\/pages"}],"about":[{"href":"https:\/\/dancetherapy.cz\/cs\/wp-json\/wp\/v2\/types\/page"}],"author":[{"embeddable":true,"href":"https:\/\/dancetherapy.cz\/cs\/wp-json\/wp\/v2\/users\/1"}],"replies":[{"embeddable":true,"href":"https:\/\/dancetherapy.cz\/cs\/wp-json\/wp\/v2\/comments?post=35"}],"version-history":[{"count":22,"href":"https:\/\/dancetherapy.cz\/cs\/wp-json\/wp\/v2\/pages\/35\/revisions"}],"predecessor-version":[{"id":284,"href":"https:\/\/dancetherapy.cz\/cs\/wp-json\/wp\/v2\/pages\/35\/revisions\/284"}],"wp:attachment":[{"href":"https:\/\/dancetherapy.cz\/cs\/wp-json\/wp\/v2\/media?parent=35"}],"curies":[{"name":"wp","href":"https:\/\/api.w.org\/{rel}","templated":true}]}}