{"id":33,"date":"2016-01-13T08:25:08","date_gmt":"2016-01-13T08:25:08","guid":{"rendered":"http:\/\/dancetherapy.cz\/?page_id=33"},"modified":"2016-05-11T09:03:21","modified_gmt":"2016-05-11T09:03:21","slug":"moje-filosofie","status":"publish","type":"page","link":"https:\/\/dancetherapy.cz\/cs\/moje-filosofie\/","title":{"rendered":"Moje filosofie"},"content":{"rendered":"[mk_page_section bg_image=&#8220;http:\/\/dancetherapy.cz\/wp-content\/uploads\/2016\/03\/pexels-photo-blue-1920.jpg&#8220; bg_position=&#8220;center center&#8220; bg_repeat=&#8220;no-repeat&#8220; enable_3d=&#8220;true&#8220; video_loop=&#8220;false&#8220; min_height=&#8220;505&#8243; full_width=&#8220;true&#8220; js_vertical_centered=&#8220;true&#8220; margin_bottom=&#8220;90&#8243; el_class=&#8220;page_intro&#8220; sidebar=&#8220;sidebar-1&#8243;][vc_column][vc_column_text align=&#8220;center&#8220;]\n<h1>Moje filosofie<\/h1>\n[\/vc_column_text][\/vc_column][\/mk_page_section][vc_row][vc_column][vc_column_text]<strong>Starej se o sv\u00e9 t\u011blo, je to to jedin\u00e9 m\u00edsto, kter\u00e9 m\u00e1\u0161 k\u00a0tomu, abys \u017eil.<\/strong><\/p>\n<p>&nbsp;<\/p>\n<p>Miluji lidsk\u00e9 p\u0159\u00edb\u011bhy a moudrost na\u0161eho t\u011bla. V\u011b\u0159\u00edm, \u017ee na\u0161e t\u011blo dok\u00e1\u017ee vyj\u00e1d\u0159it v\u00edce ne\u017e na\u0161e slova. Dok\u00e1\u017ee rovn\u011b\u017e uchovat stejn\u00e9 mno\u017estv\u00ed vzpom\u00ednek, ne-li vice ne\u017e na\u0161e mysl. T\u011blo mluv\u00ed v\u017edy pravdu, a\u0165 u\u017e j\u00ed sly\u0161\u00edme nebo ne. A kdy\u017e se rozhodne projevit se pomoc\u00ed nemoci nebo poruchy, nesm\u00edme to ignorovat. Kdy\u017e budeme sv\u00e9mu t\u011blu naslouchat a dokonce ho nech\u00e1me vyj\u00e1d\u0159it se pohybem, m\u016f\u017eeme se p\u0159ibl\u00ed\u017eit k pocit\u016fm, kter\u00e9 jsme ji\u017e poh\u0159bili, zapomn\u011bli, ztratili, neum\u011bli vyj\u00e1d\u0159it, nebo jsme o nich dokonce ani nev\u011bd\u011bli.<\/p>\n<p>Terapie m\u016f\u017ee pomoci lidem, kte\u0159\u00ed pro\u017e\u00edvaj\u00ed krizi nebo dlouhodob\u00e9 emo\u010dn\u00ed, vztahov\u00e9 nebo kognitivn\u00ed probl\u00e9my. M\u016f\u017ee b\u00fdt ale tak\u00e9 ur\u010dena t\u011bm, kte\u0159\u00ed se cht\u011bj\u00ed rozv\u00edjet, poznat bl\u00ed\u017ee sami sebe nebo se nau\u010dit hledat cestu k tomu, jak d\u011blat spr\u00e1vn\u00e1 rozhodnut\u00ed a jejich prost\u0159ednictv\u00edm c\u00edtit spokojenost se sv\u00fdm \u017eivotem.<\/p>\n<p>Pro n\u011bkter\u00e9 z n\u00e1s m\u016f\u017ee b\u00fdt za\u010d\u00e1tek terapie velk\u00fdm krokem, n\u011bkdy ob\u00e1van\u00fdm. Respektuji a v\u00e1\u017e\u00edm si ka\u017ed\u00e9ho, kdo se k takov\u00e9mu kroku odhodl\u00e1 a vyd\u00e1 se na cestu pozn\u00e1n\u00ed s\u00e1m sebe, sv\u00e9 minulosti a sou\u010dasnosti. N\u011bkte\u0159\u00ed klienti p\u0159ich\u00e1zej\u00ed s jasn\u00fdm c\u00edlem na \u010dem cht\u011bj\u00ed pracovat, jin\u00ed ne, oboj\u00ed je v po\u0159\u00e1dku. Lekce \u010dasto za\u010d\u00ednaj\u00ed mluven\u00edm, a kdy\u017e slova nesta\u010d\u00ed, b\u00fdv\u00e1 to ten spr\u00e1vn\u00fd okam\u017eik, kdy p\u0159ich\u00e1z\u00ed na \u0159adu pohyb. A pr\u00e1v\u011b toto m\u016f\u017ee v\u00e9st k aktivn\u00edmu tanci nebo m\u00e9n\u011b aktivn\u00edmu pohybu ale v\u00edce smyslov\u00e9mu vn\u00edm\u00e1n\u00ed na\u0161eho t\u011bla propojuj\u00edc\u00edho a vyjad\u0159uj\u00edc\u00edho na\u0161e emoce. A\u0165 u\u017e se terapie vyv\u00edj\u00ed jak\u00fdmkoli z t\u011bchto sm\u011br\u016f, v\u017edy jsem p\u0159ipravena sv\u00e9 klienty podpo\u0159it, vytvo\u0159it bezpe\u010dn\u00fd a d\u016fv\u011brn\u00fd prostor a doporu\u010den\u00ed pro budoucnost, pokud je to pot\u0159eba.[\/vc_column_text][\/vc_column][\/vc_row]\n","protected":false},"excerpt":{"rendered":"<p>[mk_page_section bg_image=&#8220;http:\/\/dancetherapy.cz\/wp-content\/uploads\/2016\/03\/pexels-photo-blue-1920.jpg&#8220; bg_position=&#8220;center center&#8220; bg_repeat=&#8220;no-repeat&#8220; enable_3d=&#8220;true&#8220; video_loop=&#8220;false&#8220; min_height=&#8220;505&#8243; full_width=&#8220;true&#8220; js_vertical_centered=&#8220;true&#8220; margin_bottom=&#8220;90&#8243; el_class=&#8220;page_intro&#8220; sidebar=&#8220;sidebar-1&#8243;][vc_column][vc_column_text align=&#8220;center&#8220;] Moje filosofie [\/vc_column_text][\/vc_column][\/mk_page_section][vc_row][vc_column][vc_column_text]Starej se o sv\u00e9 t\u011blo, je to to jedin\u00e9 m\u00edsto, kter\u00e9 m\u00e1\u0161 k\u00a0tomu, abys [&hellip;]<\/p>\n","protected":false},"author":1,"featured_media":0,"parent":0,"menu_order":0,"comment_status":"closed","ping_status":"closed","template":"","meta":{"footnotes":""},"_links":{"self":[{"href":"https:\/\/dancetherapy.cz\/cs\/wp-json\/wp\/v2\/pages\/33"}],"collection":[{"href":"https:\/\/dancetherapy.cz\/cs\/wp-json\/wp\/v2\/pages"}],"about":[{"href":"https:\/\/dancetherapy.cz\/cs\/wp-json\/wp\/v2\/types\/page"}],"author":[{"embeddable":true,"href":"https:\/\/dancetherapy.cz\/cs\/wp-json\/wp\/v2\/users\/1"}],"replies":[{"embeddable":true,"href":"https:\/\/dancetherapy.cz\/cs\/wp-json\/wp\/v2\/comments?post=33"}],"version-history":[{"count":14,"href":"https:\/\/dancetherapy.cz\/cs\/wp-json\/wp\/v2\/pages\/33\/revisions"}],"predecessor-version":[{"id":248,"href":"https:\/\/dancetherapy.cz\/cs\/wp-json\/wp\/v2\/pages\/33\/revisions\/248"}],"wp:attachment":[{"href":"https:\/\/dancetherapy.cz\/cs\/wp-json\/wp\/v2\/media?parent=33"}],"curies":[{"name":"wp","href":"https:\/\/api.w.org\/{rel}","templated":true}]}}