{"id":31,"date":"2016-01-13T08:24:23","date_gmt":"2016-01-13T08:24:23","guid":{"rendered":"http:\/\/dancetherapy.cz\/?page_id=31"},"modified":"2016-04-28T09:33:38","modified_gmt":"2016-04-28T09:33:38","slug":"tanecni-psychoterapie","status":"publish","type":"page","link":"https:\/\/dancetherapy.cz\/cs\/tanecni-psychoterapie\/","title":{"rendered":"Tane\u010dn\u00ed psychoterapie"},"content":{"rendered":"[mk_page_section bg_image=&#8220;http:\/\/dancetherapy.cz\/wp-content\/uploads\/2016\/02\/hp_2.jpg&#8220; bg_position=&#8220;center top&#8220; bg_repeat=&#8220;no-repeat&#8220; enable_3d=&#8220;true&#8220; video_loop=&#8220;false&#8220; min_height=&#8220;505&#8243; full_width=&#8220;true&#8220; js_vertical_centered=&#8220;true&#8220; margin_bottom=&#8220;90&#8243; el_class=&#8220;page_intro&#8220; sidebar=&#8220;sidebar-1&#8243;][vc_column][vc_column_text align=&#8220;center&#8220;]\n<h1>Tane\u010dn\u00ed psychoterapie<\/h1>\n[\/vc_column_text][\/vc_column][\/mk_page_section][vc_row][vc_column][vc_column_text]<strong><i>\u201cTane\u010dn\u00ed a pohybov\u00e1 psychoterapie (anglick\u00e1 zkratka DMP) je psychoterapeutick\u00e9 u\u017eit\u00ed pohybu a tance, kter\u00e9 umo\u017e\u0148uje kreativn\u00ed zapojen\u00ed jedince do procesu, v n\u011bm\u017e je podporov\u00e1na emo\u010dn\u00ed, kognitivn\u00ed, fyzick\u00e1 a soci\u00e1ln\u00ed integrace jedince.\u201d(ADMP UK)<br \/>\n<\/i><\/strong>Tane\u010dn\u00ed a pohybov\u00e1 psychoterapie (anglick\u00e1 zkratka DMP) je jedine\u010dn\u00e1 forma psychoterapie, kter\u00e1 pou\u017e\u00edv\u00e1 pohyba tanec jako dorozum\u00edvac\u00ed prost\u0159edek. Je to pou\u017eiteln\u00e1 mo\u017enost l\u00e9\u010dby pro lidi, kte\u0159\u00ed jsou citov\u011b rozru\u0161en\u00ed, kte\u0159\u00ed trp\u00ed fyzickou nebo du\u0161evn\u00ed poruchou, pro ty kdo jsou omezeni n\u011bjak\u00fdm fyzick\u00fdm nebo du\u0161evn\u00edm posti\u017een\u00edm, nebo pro ty, co maj\u00ed z\u00e1jem o vlastn\u00ed rozvoj. Lekce \u010dasto za\u010d\u00ednaj\u00ed mluven\u00edm a sou\u010dasn\u00fdm pozorov\u00e1n\u00edm projev\u016f t\u011bla. Kdy\u017e p\u0159ijde vhodn\u00e1 doba, p\u0159ejde se k pohybu.[\/vc_column_text][\/vc_column][\/vc_row]\n","protected":false},"excerpt":{"rendered":"<p>[mk_page_section bg_image=&#8220;http:\/\/dancetherapy.cz\/wp-content\/uploads\/2016\/02\/hp_2.jpg&#8220; bg_position=&#8220;center top&#8220; bg_repeat=&#8220;no-repeat&#8220; enable_3d=&#8220;true&#8220; video_loop=&#8220;false&#8220; min_height=&#8220;505&#8243; full_width=&#8220;true&#8220; js_vertical_centered=&#8220;true&#8220; margin_bottom=&#8220;90&#8243; el_class=&#8220;page_intro&#8220; sidebar=&#8220;sidebar-1&#8243;][vc_column][vc_column_text align=&#8220;center&#8220;] Tane\u010dn\u00ed psychoterapie [\/vc_column_text][\/vc_column][\/mk_page_section][vc_row][vc_column][vc_column_text]\u201cTane\u010dn\u00ed a pohybov\u00e1 psychoterapie (anglick\u00e1 zkratka DMP) je psychoterapeutick\u00e9 u\u017eit\u00ed pohybu a tance, kter\u00e9 [&hellip;]<\/p>\n","protected":false},"author":1,"featured_media":0,"parent":0,"menu_order":0,"comment_status":"closed","ping_status":"closed","template":"","meta":{"footnotes":""},"_links":{"self":[{"href":"https:\/\/dancetherapy.cz\/cs\/wp-json\/wp\/v2\/pages\/31"}],"collection":[{"href":"https:\/\/dancetherapy.cz\/cs\/wp-json\/wp\/v2\/pages"}],"about":[{"href":"https:\/\/dancetherapy.cz\/cs\/wp-json\/wp\/v2\/types\/page"}],"author":[{"embeddable":true,"href":"https:\/\/dancetherapy.cz\/cs\/wp-json\/wp\/v2\/users\/1"}],"replies":[{"embeddable":true,"href":"https:\/\/dancetherapy.cz\/cs\/wp-json\/wp\/v2\/comments?post=31"}],"version-history":[{"count":13,"href":"https:\/\/dancetherapy.cz\/cs\/wp-json\/wp\/v2\/pages\/31\/revisions"}],"predecessor-version":[{"id":270,"href":"https:\/\/dancetherapy.cz\/cs\/wp-json\/wp\/v2\/pages\/31\/revisions\/270"}],"wp:attachment":[{"href":"https:\/\/dancetherapy.cz\/cs\/wp-json\/wp\/v2\/media?parent=31"}],"curies":[{"name":"wp","href":"https:\/\/api.w.org\/{rel}","templated":true}]}}