{"id":11,"date":"2016-01-13T08:14:25","date_gmt":"2016-01-13T08:14:25","guid":{"rendered":"http:\/\/dancetherapy.cz\/index.php\/about-me\/"},"modified":"2017-06-26T10:02:36","modified_gmt":"2017-06-26T10:02:36","slug":"o-mne","status":"publish","type":"page","link":"https:\/\/dancetherapy.cz\/cs\/o-mne\/","title":{"rendered":"O mn\u011b"},"content":{"rendered":"[mk_page_section bg_image=&#8220;http:\/\/dancetherapy.cz\/wp-content\/uploads\/2016\/02\/headline.jpg&#8220; bg_position=&#8220;center top&#8220; bg_repeat=&#8220;no-repeat&#8220; enable_3d=&#8220;true&#8220; video_loop=&#8220;false&#8220; min_height=&#8220;505&#8243; full_width=&#8220;true&#8220; js_vertical_centered=&#8220;true&#8220; margin_bottom=&#8220;90&#8243; el_class=&#8220;page_intro&#8220; sidebar=&#8220;sidebar-1&#8243;][vc_column][vc_column_text align=&#8220;center&#8220;]\n<h1>O mn\u011b<\/h1>\n[\/vc_column_text][\/vc_column][\/mk_page_section][vc_row][vc_column][vc_column_text]<strong>Andrea Nundy-Mal\u00e1 B.A (Hons), PG Dip, M.A RDMP (Registrovan\u00e1 tane\u010dn\u00ed a pohybov\u00e1 psychoterapeutka a lektorka)<\/strong><\/p>\n<p>Jsem tane\u010dn\u00ed a pohybov\u00e1 psychoterapeutka a lektorka registrovan\u00e1 v Brit\u00e1nii. \u017diji a pracuji v Praze, hlavn\u00edm m\u011bst\u011b \u010cesk\u00e9 republiky. Po n\u011bkolik let jsem profesion\u00e1ln\u011b tr\u00e9novala a \u00fa\u010dinkovala v presti\u017en\u00edm lond\u00fdnsk\u00e9m\u00a0 Laban Center for Movement and Dance ne\u017e moje t\u011blo \u0159eklo \u201cdost\u201d prost\u0159ednictv\u00edm s\u00e9rie zran\u011bn\u00ed.\u00a0 Zm\u011bnila jsem sm\u011br sv\u00e9ho \u017eivota a z\u00edskala magistersk\u00fd titul v pohybov\u00e9 psychoterapii na Roehamption University London, kde jsem objevila nov\u00e9 mo\u017enosti vyu\u017eit\u00ed pohybu k vyj\u00e1d\u0159en\u00ed sebe sama bok po boku s hlub\u0161\u00edm vyj\u00e1d\u0159en\u00edm m\u00fdch my\u0161lenek a pocit\u016f. Inspirov\u00e1na t\u00edmto nov\u00fdm poznatkem se neust\u00e1le rozv\u00edj\u00edm v ch\u00e1p\u00e1n\u00ed n\u00e1s jako bytost\u00ed, kdo jsme a co pro\u017e\u00edv\u00e1me v na\u0161ich sv\u011btech.<\/p>\n<p>M\u00e1m 15-letou zku\u0161enost jako tane\u010dn\u00ed a pohybov\u00e1 psychoterapeutka v \u010detn\u00fdch skupin\u00e1ch a tr\u00e9ninkov\u00fdch programech.\u00a0 P\u0159i m\u00e9 praxi ve Velk\u00e9 Brit\u00e1nii jsem se zam\u011b\u0159ovala na pr\u00e1ci s lidmi z v\u011bze\u0148sk\u00e9ho prost\u0159ed\u00ed trp\u00edc\u00edmi probl\u00e9my se z\u00e1vislost\u00ed a sebepo\u0161kozov\u00e1n\u00edm. Dal\u0161\u00ed oblast\u00ed byla pr\u00e1ce se skupinami \u017een a d\u011bt\u00ed, kter\u00e9 za\u017eily dom\u00e1c\u00ed n\u00e1sil\u00ed, kter\u00e1 vy\u00fastila ve vznik tane\u010dn\u011b pohybov\u00e9ho programu pro d\u011bti ohro\u017een\u00e9 rizikem n\u00e1sil\u00ed nebo zanedb\u00e1n\u00ed v oblasti jihov\u00fdchodn\u00ed Anglie.<\/p>\n<p>Od sv\u00e9ho p\u0159est\u011bhov\u00e1n\u00ed do Prahy se moje pr\u00e1ce zam\u011b\u0159uje na tane\u010dn\u00ed a pohybovou psychoterapii pro skupiny nebo jednotlivce, kte\u0159\u00ed trp\u00ed psychosomatick\u00fdmi poruchami a cizince \/ imigranty, kte\u0159\u00ed se adaptuj\u00ed na \u017eivot v ciz\u00ed zemi. Provozuji soukromou praxi, kde se setk\u00e1v\u00e1m s \u0159adou klient\u016f, kte\u0159\u00ed pot\u0159ebuj\u00ed podporu z r\u016fzn\u00fdch d\u016fvod\u016f jako jsou nap\u0159.: probl\u00e9my ve vztaz\u00edch, pocity deprese, stresu, pocity n\u00edzk\u00e9ho sebev\u011bdom\u00ed, pocity uv\u00edznut\u00ed\/ p\u0159et\u00ed\u017een\u00ed jejich sou\u010dasnou situac\u00ed nebo situac\u00ed v rodin\u011b.<\/p>\n<p>11 let jsem provozovala pohybovou a tane\u010dn\u00ed psychoterapii prost\u0159ednictv\u00edm workshop\u016f a tr\u00e9ninkov\u00fdch program\u016f nap\u0159\u00ed\u010d Evropou na m\u00edstech jako je: Edinburgh, Loty\u0161sko, Chorvatsko, Bukure\u0161\u0165 a \u010cesk\u00e1 republika. V roce 2014 jsme s kolegyn\u00ed zah\u00e1jily 4-let\u00fd tane\u010dn\u011b pohybov\u00fd psychoterapeutick\u00fd tr\u00e9ninkov\u00fd program v Praze s mezin\u00e1rodn\u00edm t\u00fdmem.[\/vc_column_text][\/vc_column][\/vc_row]\n","protected":false},"excerpt":{"rendered":"<p>[mk_page_section bg_image=&#8220;http:\/\/dancetherapy.cz\/wp-content\/uploads\/2016\/02\/headline.jpg&#8220; bg_position=&#8220;center top&#8220; bg_repeat=&#8220;no-repeat&#8220; enable_3d=&#8220;true&#8220; video_loop=&#8220;false&#8220; min_height=&#8220;505&#8243; full_width=&#8220;true&#8220; js_vertical_centered=&#8220;true&#8220; margin_bottom=&#8220;90&#8243; el_class=&#8220;page_intro&#8220; sidebar=&#8220;sidebar-1&#8243;][vc_column][vc_column_text align=&#8220;center&#8220;] O mn\u011b [\/vc_column_text][\/vc_column][\/mk_page_section][vc_row][vc_column][vc_column_text]Andrea Nundy-Mal\u00e1 B.A (Hons), PG Dip, M.A RDMP (Registrovan\u00e1 tane\u010dn\u00ed a pohybov\u00e1 psychoterapeutka a [&hellip;]<\/p>\n","protected":false},"author":1,"featured_media":0,"parent":0,"menu_order":0,"comment_status":"closed","ping_status":"closed","template":"","meta":{"footnotes":""},"_links":{"self":[{"href":"https:\/\/dancetherapy.cz\/cs\/wp-json\/wp\/v2\/pages\/11"}],"collection":[{"href":"https:\/\/dancetherapy.cz\/cs\/wp-json\/wp\/v2\/pages"}],"about":[{"href":"https:\/\/dancetherapy.cz\/cs\/wp-json\/wp\/v2\/types\/page"}],"author":[{"embeddable":true,"href":"https:\/\/dancetherapy.cz\/cs\/wp-json\/wp\/v2\/users\/1"}],"replies":[{"embeddable":true,"href":"https:\/\/dancetherapy.cz\/cs\/wp-json\/wp\/v2\/comments?post=11"}],"version-history":[{"count":11,"href":"https:\/\/dancetherapy.cz\/cs\/wp-json\/wp\/v2\/pages\/11\/revisions"}],"predecessor-version":[{"id":282,"href":"https:\/\/dancetherapy.cz\/cs\/wp-json\/wp\/v2\/pages\/11\/revisions\/282"}],"wp:attachment":[{"href":"https:\/\/dancetherapy.cz\/cs\/wp-json\/wp\/v2\/media?parent=11"}],"curies":[{"name":"wp","href":"https:\/\/api.w.org\/{rel}","templated":true}]}}